{"id":663,"date":"2021-06-29T08:15:22","date_gmt":"2021-06-29T06:15:22","guid":{"rendered":"https:\/\/neidenfjellstue.no\/?page_id=663"},"modified":"2021-08-02T09:39:12","modified_gmt":"2021-08-02T07:39:12","slug":"sommer","status":"publish","type":"page","link":"https:\/\/neidenfjellstue.no\/fi\/sommer\/","title":{"rendered":"Kes\u00e4"},"content":{"rendered":"<p>Meill\u00e4 on m\u00f6kkej\u00e4 aivan Neiden -joen rannalla, joka on yksi Norjan paremmista lohijoista. Joella on yli 20 km: n kalastuset\u00e4isyys merest\u00e4 Suomen rajalle asti, se on leve\u00e4 ja siin\u00e4 on monia hyvi\u00e4 kalastuspaikkoja perho-, viehe- ja vaappakalastukseen. Vuokraamme my\u00f6s jokiveneit\u00e4 ja kalastusv\u00e4lineit\u00e4.&nbsp;<\/p>\n\n\n\n<p>My\u00f6s meritaimenen kalastukseen on hyv\u00e4t olosuhteet, erityisesti kes\u00e4- ja elokuussa.<\/p>\n\n\n\n<p><strong>Kahvila ja iso lavvu<\/strong><\/p>\n\n\n\n<p>Kahvilassamme tarjoillaan perinteisi\u00e4 ja ep\u00e4tavallisia ruokia, jotka perustuvat hyviin paikallisiin raaka -aineisiin, kuten kalaan, poronlihaan ja taskurapuun. Valikko on kausiluonteinen tuoreiden raaka -aineiden saatavuuden perusteella, mutta Fjellstuan patch -naudanliha on aina valikossa. Saatavilla on my\u00f6s kahvia ja kotitekoisia kakkuja.\u00a0<\/p>\n\n\n\n<p>Tilauksesta voit nauttia hyvi\u00e4 aterioita suuressa lavvussamme, jossa on tilaa 60 hengelle. Mieluiten yhdistettyn\u00e4 saamelaisiin kulttuurielementteihin.<\/p>\n\n\n\n<p>Voimme tarjota aterioita suurille ja pienille ryhmille l\u00e4hiymp\u00e4rist\u00f6ss\u00e4. Ota yhteytt\u00e4 saadaksesi lis\u00e4tietoja valikoistamme.<\/p>\n\n\n\n<p>Voimme j\u00e4rjest\u00e4\u00e4 kastejuhlat, h\u00e4\u00e4juhlat, yritysjuhlat tai muut juhlat. Sek\u00e4 kahvilassa ett\u00e4 grand lavvuissa. Juhlamenu l\u00e4hetet\u00e4\u00e4n pyynn\u00f6st\u00e4.<\/p>\n\n\n\n<p>Meill\u00e4 ei ole omaa kokoushuonetta, mutta voit vuokrata kahvilan kokousta varten tai j\u00e4rjest\u00e4\u00e4 sen ep\u00e4virallisemmin.<\/p>\n\n\n\n<p><strong>Tervetuloa meille!<\/strong><\/p>\n\n\n\n<p><\/p>\n\n\n\n<figure class=\"wp-block-gallery columns-1 is-cropped wp-block-gallery-1 is-layout-flex wp-block-gallery-is-layout-flex\"><ul class=\"blocks-gallery-grid\"><li class=\"blocks-gallery-item\"><figure><a href=\"https:\/\/neidenfjellstue.no\/wp-content\/uploads\/2021\/06\/MG5A1647-min-1-scaled.jpg\"><img decoding=\"async\" width=\"1024\" height=\"683\" src=\"https:\/\/neidenfjellstue.no\/wp-content\/uploads\/2021\/06\/MG5A1647-min-1-1024x683.jpg\" alt=\"\" data-id=\"680\" data-full-url=\"https:\/\/neidenfjellstue.no\/wp-content\/uploads\/2021\/06\/MG5A1647-min-1-scaled.jpg\" data-link=\"https:\/\/neidenfjellstue.no\/sommer\/mg5a1647-min-1\/\" class=\"wp-image-680\" srcset=\"https:\/\/neidenfjellstue.no\/wp-content\/uploads\/2021\/06\/MG5A1647-min-1-1024x683.jpg 1024w, https:\/\/neidenfjellstue.no\/wp-content\/uploads\/2021\/06\/MG5A1647-min-1-300x200.jpg 300w, https:\/\/neidenfjellstue.no\/wp-content\/uploads\/2021\/06\/MG5A1647-min-1-768x512.jpg 768w, https:\/\/neidenfjellstue.no\/wp-content\/uploads\/2021\/06\/MG5A1647-min-1-1536x1024.jpg 1536w, https:\/\/neidenfjellstue.no\/wp-content\/uploads\/2021\/06\/MG5A1647-min-1-2048x1365.jpg 2048w\" sizes=\"(max-width: 1024px) 100vw, 1024px\" \/><\/a><\/figure><\/li><\/ul><\/figure>","protected":false},"excerpt":{"rendered":"<p>Meill\u00e4 on m\u00f6kkej\u00e4 aivan Neidenelvan, yhden Norjan parhaista lohijoista, rannalla. Joella on yli 20 km:n kalastusosuus merest\u00e4 Suomen rajalle asti, se on leve\u00e4 ja siin\u00e4 on paljon hyvi\u00e4 kalastuspaikkoja sek\u00e4 perho-, viehe- ett\u00e4 vaappukalastukseen. Vuokraamme my\u00f6s jokiveneet ja kalastusv\u00e4lineet. My\u00f6s meritaimenen kalastukseen on hyv\u00e4t olosuhteet, ja erityisesti [...]<\/p>","protected":false},"author":3,"featured_media":0,"parent":0,"menu_order":0,"comment_status":"closed","ping_status":"closed","template":"","meta":{"footnotes":""},"class_list":["post-663","page","type-page","status-publish","hentry","entry"],"_links":{"self":[{"href":"https:\/\/neidenfjellstue.no\/fi\/wp-json\/wp\/v2\/pages\/663","targetHints":{"allow":["GET"]}}],"collection":[{"href":"https:\/\/neidenfjellstue.no\/fi\/wp-json\/wp\/v2\/pages"}],"about":[{"href":"https:\/\/neidenfjellstue.no\/fi\/wp-json\/wp\/v2\/types\/page"}],"author":[{"embeddable":true,"href":"https:\/\/neidenfjellstue.no\/fi\/wp-json\/wp\/v2\/users\/3"}],"replies":[{"embeddable":true,"href":"https:\/\/neidenfjellstue.no\/fi\/wp-json\/wp\/v2\/comments?post=663"}],"version-history":[{"count":4,"href":"https:\/\/neidenfjellstue.no\/fi\/wp-json\/wp\/v2\/pages\/663\/revisions"}],"predecessor-version":[{"id":788,"href":"https:\/\/neidenfjellstue.no\/fi\/wp-json\/wp\/v2\/pages\/663\/revisions\/788"}],"wp:attachment":[{"href":"https:\/\/neidenfjellstue.no\/fi\/wp-json\/wp\/v2\/media?parent=663"}],"curies":[{"name":"wp","href":"https:\/\/api.w.org\/{rel}","templated":true}]}}