{"id":42,"date":"2021-05-27T13:25:10","date_gmt":"2021-05-27T11:25:10","guid":{"rendered":"https:\/\/neidenfjellstue.no\/?page_id=42"},"modified":"2021-08-05T12:07:38","modified_gmt":"2021-08-05T10:07:38","slug":"om-neiden","status":"publish","type":"page","link":"https:\/\/neidenfjellstue.no\/fi\/om-oss\/om-neiden\/","title":{"rendered":"Tietoja Neidenist\u00e4"},"content":{"rendered":"<figure class=\"wp-block-gallery columns-1 is-cropped wp-block-gallery-1 is-layout-flex wp-block-gallery-is-layout-flex\"><ul class=\"blocks-gallery-grid\"><li class=\"blocks-gallery-item\"><figure><a href=\"https:\/\/neidenfjellstue.no\/wp-content\/uploads\/2021\/05\/DJI_0731-min-scaled.jpg\"><img decoding=\"async\" width=\"1024\" height=\"576\" src=\"https:\/\/neidenfjellstue.no\/wp-content\/uploads\/2021\/05\/DJI_0731-min-1024x576.jpg\" alt=\"neiden\" data-id=\"434\" data-full-url=\"https:\/\/neidenfjellstue.no\/wp-content\/uploads\/2021\/05\/DJI_0731-min-scaled.jpg\" data-link=\"https:\/\/neidenfjellstue.no\/?attachment_id=434\" class=\"wp-image-434\" srcset=\"https:\/\/neidenfjellstue.no\/wp-content\/uploads\/2021\/05\/DJI_0731-min-1024x576.jpg 1024w, https:\/\/neidenfjellstue.no\/wp-content\/uploads\/2021\/05\/DJI_0731-min-300x169.jpg 300w, https:\/\/neidenfjellstue.no\/wp-content\/uploads\/2021\/05\/DJI_0731-min-768x432.jpg 768w, https:\/\/neidenfjellstue.no\/wp-content\/uploads\/2021\/05\/DJI_0731-min-1536x864.jpg 1536w, https:\/\/neidenfjellstue.no\/wp-content\/uploads\/2021\/05\/DJI_0731-min-2048x1152.jpg 2048w\" sizes=\"(max-width: 1024px) 100vw, 1024px\" \/><\/a><\/figure><\/li><\/ul><\/figure>\n\n\n\n<h2 class=\"wp-block-heading\">Selvitys<\/h2>\n\n\n\n<p>Neidenill\u00e4 on&nbsp;<a href=\"http:\/\/snl.no\/samer\">Sami<\/a>&nbsp;ratkaisua, ja t\u00e4ss\u00e4 ovat loput norjalaiset&nbsp;<a href=\"http:\/\/snl.no\/skoltesamer\">kolttasaamelainen<\/a>. Osana&nbsp;<a href=\"http:\/\/snl.no\/Barentssamarbeidet\">Barentsin yhteisty\u00f6<\/a>&nbsp;Norjan ja Ven\u00e4j\u00e4n rajan asukkaat voivat matkustaa vapaasti ilman&nbsp;<a href=\"https:\/\/snl.no\/visum\">Visa<\/a>.<\/p>\n\n\n\n<p>It\u00e4saamelainen siirtokunta&nbsp;<a href=\"https:\/\/snl.no\/Skoltebyen\"><em>Skoltebyen<\/em><\/a>&nbsp;on suojeltu kulttuurimonumentti. In Skoltebyen sijaitsee&nbsp;<em>Pyh\u00e4n Yrj\u00f6n kappeli<\/em>&nbsp;joka on Norjan ainoa ortodoksinen kappeli ja maan pienin kirkko. Perinteen mukaan munkki rakensi kappelin 1500 -luvulla&nbsp;<a href=\"https:\/\/snl.no\/Trifon_av_Petsjenga\">Trifon, Petsjenga<\/a>&nbsp;(1495\u20131583).<\/p>\n\n\n\n<h2 class=\"wp-block-heading\">Luonto<\/h2>\n\n\n\n<p>Kallioper\u00e4 kuuluu&nbsp;<a href=\"http:\/\/snl.no\/%C3%98st-Finnmarks_grunnfjellsomr%C3%A5de\">It\u00e4 -Finnmarkin kallioalue<\/a>. Neidenist\u00e4 luoteeseen on olemassa&nbsp;<em>Neidengranitten<\/em>&nbsp;joka syntyi noin 2 500 miljoonaa vuotta sitten. Se on ep\u00e4muodostunut ja leikkaa vanhemman gneissin l\u00e4pi. Graniittia l\u00f6ytyy my\u00f6s ymp\u00e4rilt\u00e4&nbsp;<a href=\"http:\/\/snl.no\/Jarfjorden\">Jarfjorden<\/a>.<\/p>\n\n\n\n<p>Neidenin l\u00e4pi\u00a0<a href=\"https:\/\/snl.no\/Neidenelva\">Neidenelva<\/a>\u00a0joka on yksi Finnmarkin parhaista lohijoista. Se on rakennettu\u00a0<a href=\"https:\/\/snl.no\/laksetrapp\">laksetrapp<\/a>. In \u00d8vre Neiden on yksi Finnmarkin vuoristomajoituksista.<\/p>","protected":false},"excerpt":{"rendered":"<p>Asutus Neideniss\u00e4 on saamelaisasutus, ja t\u00e4ss\u00e4 ovat j\u00e4ljell\u00e4 olevat norjalaiset koltansaamelaiset. Osana Barents-yhteisty\u00f6t\u00e4 Norjan ja Ven\u00e4j\u00e4n rajalla asuvat voivat matkustaa vapaasti ilman viisumia. It\u00e4saamelaisten asutusalue Skoltebyen on suojeltu kulttuurimuistomerkki. Skoltebyeniss\u00e4 on Pyh\u00e4n Georgian kappeli, joka on Norjan ainoa ortodoksinen kappeli ja maan pienin kirkko. Perinteen mukaan kappelin rakensi 1500-luvulla Petsjengan munkki Trifon (1495\u20131583). Luonto [\u2026]<\/p>","protected":false},"author":3,"featured_media":0,"parent":202,"menu_order":0,"comment_status":"closed","ping_status":"closed","template":"","meta":{"footnotes":""},"class_list":["post-42","page","type-page","status-publish","hentry","entry"],"_links":{"self":[{"href":"https:\/\/neidenfjellstue.no\/fi\/wp-json\/wp\/v2\/pages\/42","targetHints":{"allow":["GET"]}}],"collection":[{"href":"https:\/\/neidenfjellstue.no\/fi\/wp-json\/wp\/v2\/pages"}],"about":[{"href":"https:\/\/neidenfjellstue.no\/fi\/wp-json\/wp\/v2\/types\/page"}],"author":[{"embeddable":true,"href":"https:\/\/neidenfjellstue.no\/fi\/wp-json\/wp\/v2\/users\/3"}],"replies":[{"embeddable":true,"href":"https:\/\/neidenfjellstue.no\/fi\/wp-json\/wp\/v2\/comments?post=42"}],"version-history":[{"count":6,"href":"https:\/\/neidenfjellstue.no\/fi\/wp-json\/wp\/v2\/pages\/42\/revisions"}],"predecessor-version":[{"id":818,"href":"https:\/\/neidenfjellstue.no\/fi\/wp-json\/wp\/v2\/pages\/42\/revisions\/818"}],"up":[{"embeddable":true,"href":"https:\/\/neidenfjellstue.no\/fi\/wp-json\/wp\/v2\/pages\/202"}],"wp:attachment":[{"href":"https:\/\/neidenfjellstue.no\/fi\/wp-json\/wp\/v2\/media?parent=42"}],"curies":[{"name":"wp","href":"https:\/\/api.w.org\/{rel}","templated":true}]}}