{"id":36,"date":"2021-05-27T13:24:22","date_gmt":"2021-05-27T11:24:22","guid":{"rendered":"https:\/\/neidenfjellstue.no\/?page_id=36"},"modified":"2021-08-02T10:18:22","modified_gmt":"2021-08-02T08:18:22","slug":"overnatting","status":"publish","type":"page","link":"https:\/\/neidenfjellstue.no\/fi\/bo-og-spise\/overnatting\/","title":{"rendered":"Majoitus"},"content":{"rendered":"<figure class=\"wp-block-gallery columns-1 is-cropped wp-block-gallery-1 is-layout-flex wp-block-gallery-is-layout-flex\"><ul class=\"blocks-gallery-grid\"><li class=\"blocks-gallery-item\"><figure><a href=\"https:\/\/neidenfjellstue.no\/wp-content\/uploads\/2021\/06\/overnatting-scaled.jpg\"><img decoding=\"async\" width=\"1024\" height=\"683\" src=\"https:\/\/neidenfjellstue.no\/wp-content\/uploads\/2021\/06\/overnatting-1024x683.jpg\" alt=\"overnatting\" data-id=\"551\" data-full-url=\"https:\/\/neidenfjellstue.no\/wp-content\/uploads\/2021\/06\/overnatting-scaled.jpg\" data-link=\"https:\/\/neidenfjellstue.no\/bo-og-spise\/overnatting\/overnatting-2\/\" class=\"wp-image-551\" srcset=\"https:\/\/neidenfjellstue.no\/wp-content\/uploads\/2021\/06\/overnatting-1024x683.jpg 1024w, https:\/\/neidenfjellstue.no\/wp-content\/uploads\/2021\/06\/overnatting-300x200.jpg 300w, https:\/\/neidenfjellstue.no\/wp-content\/uploads\/2021\/06\/overnatting-768x512.jpg 768w, https:\/\/neidenfjellstue.no\/wp-content\/uploads\/2021\/06\/overnatting-1536x1024.jpg 1536w, https:\/\/neidenfjellstue.no\/wp-content\/uploads\/2021\/06\/overnatting-2048x1365.jpg 2048w\" sizes=\"(max-width: 1024px) 100vw, 1024px\" \/><\/a><\/figure><\/li><\/ul><\/figure>\n\n\n\n<p><strong>M\u00f6kkien vuokraus joen rannalla ja vuorella<\/strong><\/p>\n\n\n\n<p>Meill\u00e4 on yksinkertaiset ja mukavat m\u00f6kit, jotka sijaitsevat idyllisesti Neiden -joen rannalla. Ymp\u00e4rivuotinen vuokra.<\/p>\n\n\n\n<p><\/p>\n\n\n\n<p>Pienist\u00e4 3 hengen hytteist\u00e4 suurempiin 6 hengen hytteihin. Ruoanlaittov\u00e4lineet, peitot, tyynyt, kupit ja kylpyammeet. Vuodevaatteet voi vuokrata meilt\u00e4.<\/p>\n\n\n\n<p>Vesi, suihkut ja wc ovat saatavilla erillisiss\u00e4 rakennuksissa.<\/p>\n\n\n\n<p>Mukava grillipaikka sijaitsee keskell\u00e4 pihaa. Mahdollisuus vuokrata sauna. Ulkona on puul\u00e4mmitteinen kylpytynnyri, jota l\u00e4mmit\u00e4mme tilauksesta, ja siell\u00e4 voit nauttia tuntikausia.<\/p>\n\n\n\n<p><strong>Vuorim\u00f6kki<\/strong>r<\/p>\n\n\n\n<p>Vuorilla on hirsim\u00f6kkej\u00e4, joissa on sauna 4 eri alueella. M\u00e4ntyist\u00e4 avoimempiin tasangomaisemiin. Kaikki m\u00f6kit sijaitsevat kalastusj\u00e4rvien rannalla. K\u00e4ytett\u00e4v\u00e4ksi sek\u00e4 kes\u00e4ll\u00e4 ett\u00e4 talvella. Voit ajaa&nbsp;<em>oma<\/em>&nbsp;skootterilla johonkin hytist\u00e4 tai k\u00e4yt\u00e4 skootterikuljetustamme. Alueella on kevyt laskettelumaasto.<\/p>\n\n\n\n<p>Meill\u00e4 on kes\u00e4ll\u00e4 vuokrattava talo, joka sijaitsee n. 8 km Fjellstuasta, 300 metrin p\u00e4\u00e4ss\u00e4 Neidenelvasta. Pesukone, astianpesukone, vuodevaatteet, suihku ja wc. Ulkosauna. Mahtuu 7 henkil\u00f6\u00e4.<\/p>\n\n\n\n<p>Lis\u00e4ksi vuokraamme loma -asunnon. Se sijaitsee aivan itsess\u00e4\u00e4n, aivan joen rannalla. Grillausalue ja ulkosauna. Sis\u00e4\u00e4nrakennettu vesi, suihku ja bio-wc. <\/p>\n\n\n\n<p><\/p>\n\n\n\n<p>M\u00f6kin hinnat&nbsp;<em><u>alkaen<\/u><\/em>&nbsp;kr 820 .- \/ p\u00e4iv\u00e4.<\/p>\n\n\n\n<figure class=\"wp-block-gallery columns-2 is-cropped wp-block-gallery-2 is-layout-flex wp-block-gallery-is-layout-flex\"><ul class=\"blocks-gallery-grid\"><li class=\"blocks-gallery-item\"><figure><a href=\"https:\/\/neidenfjellstue.no\/wp-content\/uploads\/2021\/06\/MG_6978-min-1024x683.jpg\"><img decoding=\"async\" width=\"1024\" height=\"683\" src=\"https:\/\/neidenfjellstue.no\/wp-content\/uploads\/2021\/06\/MG_6978-min-1024x683.jpg\" alt=\"hytte\" data-id=\"554\" data-link=\"https:\/\/neidenfjellstue.no\/bo-og-spise\/overnatting\/mg_6978-min\/\" class=\"wp-image-554\" srcset=\"https:\/\/neidenfjellstue.no\/wp-content\/uploads\/2021\/06\/MG_6978-min-1024x683.jpg 1024w, https:\/\/neidenfjellstue.no\/wp-content\/uploads\/2021\/06\/MG_6978-min-300x200.jpg 300w, https:\/\/neidenfjellstue.no\/wp-content\/uploads\/2021\/06\/MG_6978-min-768x512.jpg 768w, https:\/\/neidenfjellstue.no\/wp-content\/uploads\/2021\/06\/MG_6978-min-1536x1024.jpg 1536w, https:\/\/neidenfjellstue.no\/wp-content\/uploads\/2021\/06\/MG_6978-min-2048x1365.jpg 2048w\" sizes=\"(max-width: 1024px) 100vw, 1024px\" \/><\/a><\/figure><\/li><li class=\"blocks-gallery-item\"><figure><a href=\"https:\/\/neidenfjellstue.no\/wp-content\/uploads\/2021\/06\/MG_6992-min-scaled.jpg\"><img decoding=\"async\" width=\"1024\" height=\"683\" src=\"https:\/\/neidenfjellstue.no\/wp-content\/uploads\/2021\/06\/MG_6992-min-1024x683.jpg\" alt=\"\" data-id=\"556\" data-full-url=\"https:\/\/neidenfjellstue.no\/wp-content\/uploads\/2021\/06\/MG_6992-min-scaled.jpg\" data-link=\"https:\/\/neidenfjellstue.no\/bo-og-spise\/overnatting\/mg_6992-min\/\" class=\"wp-image-556\" srcset=\"https:\/\/neidenfjellstue.no\/wp-content\/uploads\/2021\/06\/MG_6992-min-1024x683.jpg 1024w, https:\/\/neidenfjellstue.no\/wp-content\/uploads\/2021\/06\/MG_6992-min-300x200.jpg 300w, https:\/\/neidenfjellstue.no\/wp-content\/uploads\/2021\/06\/MG_6992-min-768x512.jpg 768w, https:\/\/neidenfjellstue.no\/wp-content\/uploads\/2021\/06\/MG_6992-min-1536x1024.jpg 1536w, https:\/\/neidenfjellstue.no\/wp-content\/uploads\/2021\/06\/MG_6992-min-2048x1365.jpg 2048w\" sizes=\"(max-width: 1024px) 100vw, 1024px\" \/><\/a><\/figure><\/li><\/ul><\/figure>","protected":false},"excerpt":{"rendered":"<p>M\u00f6kkien vuokraus joen varrella ja vuoristossa Meill\u00e4 on yksinkertaisia ja mukavia m\u00f6kkej\u00e4 idyllisell\u00e4 paikalla Neidenelvan rannalla. Ymp\u00e4rivuotinen vuokraus. Pienist\u00e4 3 hengen hyteist\u00e4 suurempiin 6 hengen hytteihin. Ruoanlaittov\u00e4lineet, peitot, tyynyt, kupit ja astiat. Vuodevaatteet voi vuokrata meilt\u00e4. Vesi, suihkut ja wc:t ovat saatavilla erillisiss\u00e4 rakennuksissa. Mukava grillipaikka on keskell\u00e4 [...]<\/p>","protected":false},"author":3,"featured_media":0,"parent":200,"menu_order":0,"comment_status":"closed","ping_status":"closed","template":"","meta":{"footnotes":""},"class_list":["post-36","page","type-page","status-publish","hentry","entry"],"_links":{"self":[{"href":"https:\/\/neidenfjellstue.no\/fi\/wp-json\/wp\/v2\/pages\/36","targetHints":{"allow":["GET"]}}],"collection":[{"href":"https:\/\/neidenfjellstue.no\/fi\/wp-json\/wp\/v2\/pages"}],"about":[{"href":"https:\/\/neidenfjellstue.no\/fi\/wp-json\/wp\/v2\/types\/page"}],"author":[{"embeddable":true,"href":"https:\/\/neidenfjellstue.no\/fi\/wp-json\/wp\/v2\/users\/3"}],"replies":[{"embeddable":true,"href":"https:\/\/neidenfjellstue.no\/fi\/wp-json\/wp\/v2\/comments?post=36"}],"version-history":[{"count":9,"href":"https:\/\/neidenfjellstue.no\/fi\/wp-json\/wp\/v2\/pages\/36\/revisions"}],"predecessor-version":[{"id":806,"href":"https:\/\/neidenfjellstue.no\/fi\/wp-json\/wp\/v2\/pages\/36\/revisions\/806"}],"up":[{"embeddable":true,"href":"https:\/\/neidenfjellstue.no\/fi\/wp-json\/wp\/v2\/pages\/200"}],"wp:attachment":[{"href":"https:\/\/neidenfjellstue.no\/fi\/wp-json\/wp\/v2\/media?parent=36"}],"curies":[{"name":"wp","href":"https:\/\/api.w.org\/{rel}","templated":true}]}}