{"id":32,"date":"2021-05-27T13:23:49","date_gmt":"2021-05-27T11:23:49","guid":{"rendered":"https:\/\/neidenfjellstue.no\/?page_id=32"},"modified":"2021-07-02T14:08:05","modified_gmt":"2021-07-02T12:08:05","slug":"opplevelser","status":"publish","type":"page","link":"https:\/\/neidenfjellstue.no\/fi\/opplev-finnmarksnaturen\/opplevelser\/","title":{"rendered":"Kokemukset"},"content":{"rendered":"<p>T\u00e4ss\u00e4 on lis\u00e4tietoja.<\/p>","protected":false},"excerpt":{"rendered":"<p>T\u00e4ss\u00e4 on lis\u00e4tietoja.<\/p>","protected":false},"author":3,"featured_media":0,"parent":198,"menu_order":0,"comment_status":"closed","ping_status":"closed","template":"","meta":{"footnotes":""},"class_list":["post-32","page","type-page","status-publish","hentry","entry"],"_links":{"self":[{"href":"https:\/\/neidenfjellstue.no\/fi\/wp-json\/wp\/v2\/pages\/32","targetHints":{"allow":["GET"]}}],"collection":[{"href":"https:\/\/neidenfjellstue.no\/fi\/wp-json\/wp\/v2\/pages"}],"about":[{"href":"https:\/\/neidenfjellstue.no\/fi\/wp-json\/wp\/v2\/types\/page"}],"author":[{"embeddable":true,"href":"https:\/\/neidenfjellstue.no\/fi\/wp-json\/wp\/v2\/users\/3"}],"replies":[{"embeddable":true,"href":"https:\/\/neidenfjellstue.no\/fi\/wp-json\/wp\/v2\/comments?post=32"}],"version-history":[{"count":3,"href":"https:\/\/neidenfjellstue.no\/fi\/wp-json\/wp\/v2\/pages\/32\/revisions"}],"predecessor-version":[{"id":738,"href":"https:\/\/neidenfjellstue.no\/fi\/wp-json\/wp\/v2\/pages\/32\/revisions\/738"}],"up":[{"embeddable":true,"href":"https:\/\/neidenfjellstue.no\/fi\/wp-json\/wp\/v2\/pages\/198"}],"wp:attachment":[{"href":"https:\/\/neidenfjellstue.no\/fi\/wp-json\/wp\/v2\/media?parent=32"}],"curies":[{"name":"wp","href":"https:\/\/api.w.org\/{rel}","templated":true}]}}