{"id":26,"date":"2021-05-27T13:21:22","date_gmt":"2021-05-27T11:21:22","guid":{"rendered":"https:\/\/neidenfjellstue.no\/?page_id=26"},"modified":"2021-08-03T08:21:34","modified_gmt":"2021-08-03T06:21:34","slug":"odestuene","status":"publish","type":"page","link":"https:\/\/neidenfjellstue.no\/fi\/opplev-finnmarksnaturen\/odestuene\/","title":{"rendered":"Autiot huoneet"},"content":{"rendered":"<p>Meill\u00e4 on 5 m\u00f6kki\u00e4 vuorella. 2 Langalsissa, 2 Kivisaaressa ja yksi Haugij\u00e4rvell\u00e4.<\/p>\n\n\n\n<p>Kaikissa m\u00f6keiss\u00e4 on 4 vuodetta, sauna, p\u00e4\u00e4sy mukaville kalastuspaikoille, vene ja mahdollisuus l\u00e4mmitt\u00e4\u00e4 puulla ja ruoanlaitto kaasulla.<\/p>\n\n\n\n<p>M\u00f6keiss\u00e4 on my\u00f6s kaikenlaisia kuppeja ja kylpyammeita.<\/p>\n\n\n\n<p><\/p>\n\n\n\n<figure class=\"wp-block-gallery columns-2 is-cropped wp-block-gallery-1 is-layout-flex wp-block-gallery-is-layout-flex\"><ul class=\"blocks-gallery-grid\"><li class=\"blocks-gallery-item\"><figure><a href=\"https:\/\/neidenfjellstue.no\/wp-content\/uploads\/2021\/07\/image1.jpeg\"><img decoding=\"async\" width=\"790\" height=\"511\" src=\"https:\/\/neidenfjellstue.no\/wp-content\/uploads\/2021\/07\/image1.jpeg\" alt=\"\" data-id=\"759\" data-full-url=\"https:\/\/neidenfjellstue.no\/wp-content\/uploads\/2021\/07\/image1.jpeg\" data-link=\"https:\/\/neidenfjellstue.no\/opplev-finnmarksnaturen\/odestuene\/image1\/\" class=\"wp-image-759\" srcset=\"https:\/\/neidenfjellstue.no\/wp-content\/uploads\/2021\/07\/image1.jpeg 790w, https:\/\/neidenfjellstue.no\/wp-content\/uploads\/2021\/07\/image1-300x194.jpeg 300w, https:\/\/neidenfjellstue.no\/wp-content\/uploads\/2021\/07\/image1-768x497.jpeg 768w\" sizes=\"(max-width: 790px) 100vw, 790px\" \/><\/a><\/figure><\/li><li class=\"blocks-gallery-item\"><figure><a href=\"https:\/\/neidenfjellstue.no\/wp-content\/uploads\/2021\/07\/image3.jpeg\"><img decoding=\"async\" width=\"1024\" height=\"683\" src=\"https:\/\/neidenfjellstue.no\/wp-content\/uploads\/2021\/07\/image3-1024x683.jpeg\" alt=\"\" data-id=\"761\" data-full-url=\"https:\/\/neidenfjellstue.no\/wp-content\/uploads\/2021\/07\/image3.jpeg\" data-link=\"https:\/\/neidenfjellstue.no\/opplev-finnmarksnaturen\/odestuene\/image3\/\" class=\"wp-image-761\" srcset=\"https:\/\/neidenfjellstue.no\/wp-content\/uploads\/2021\/07\/image3-1024x683.jpeg 1024w, https:\/\/neidenfjellstue.no\/wp-content\/uploads\/2021\/07\/image3-300x200.jpeg 300w, https:\/\/neidenfjellstue.no\/wp-content\/uploads\/2021\/07\/image3-768x512.jpeg 768w, https:\/\/neidenfjellstue.no\/wp-content\/uploads\/2021\/07\/image3.jpeg 1280w\" sizes=\"(max-width: 1024px) 100vw, 1024px\" \/><\/a><\/figure><\/li><\/ul><\/figure>\n\n\n\n<iframe src=\"https:\/\/www.google.com\/maps\/d\/u\/1\/embed?mid=1p2zRsQdMOCxdJnKlN_1lRe5sTWgGnWUS\" width=\"640\" height=\"480\"><\/iframe>\n\n\n\n<p><\/p>","protected":false},"excerpt":{"rendered":"<p>Meill\u00e4 on vuorella 5 m\u00f6kki\u00e4. Langalsissa 2 asuntoa, Kivisaaressa 2 ja Haugij\u00e4rvell\u00e4 yksi. Kaikissa m\u00f6keiss\u00e4 on 4 vuodepaikkaa, sauna, p\u00e4\u00e4sy mukaville kalastuspaikoille, vene ja mahdollisuudet puul\u00e4mmitykseen ja kaasulla ruoanlaittoon. M\u00f6keiss\u00e4 on my\u00f6s kaikkea kupeista ja astioista.<\/p>","protected":false},"author":3,"featured_media":0,"parent":198,"menu_order":0,"comment_status":"closed","ping_status":"closed","template":"","meta":{"footnotes":""},"class_list":["post-26","page","type-page","status-publish","hentry","entry"],"_links":{"self":[{"href":"https:\/\/neidenfjellstue.no\/fi\/wp-json\/wp\/v2\/pages\/26","targetHints":{"allow":["GET"]}}],"collection":[{"href":"https:\/\/neidenfjellstue.no\/fi\/wp-json\/wp\/v2\/pages"}],"about":[{"href":"https:\/\/neidenfjellstue.no\/fi\/wp-json\/wp\/v2\/types\/page"}],"author":[{"embeddable":true,"href":"https:\/\/neidenfjellstue.no\/fi\/wp-json\/wp\/v2\/users\/3"}],"replies":[{"embeddable":true,"href":"https:\/\/neidenfjellstue.no\/fi\/wp-json\/wp\/v2\/comments?post=26"}],"version-history":[{"count":5,"href":"https:\/\/neidenfjellstue.no\/fi\/wp-json\/wp\/v2\/pages\/26\/revisions"}],"predecessor-version":[{"id":812,"href":"https:\/\/neidenfjellstue.no\/fi\/wp-json\/wp\/v2\/pages\/26\/revisions\/812"}],"up":[{"embeddable":true,"href":"https:\/\/neidenfjellstue.no\/fi\/wp-json\/wp\/v2\/pages\/198"}],"wp:attachment":[{"href":"https:\/\/neidenfjellstue.no\/fi\/wp-json\/wp\/v2\/media?parent=26"}],"curies":[{"name":"wp","href":"https:\/\/api.w.org\/{rel}","templated":true}]}}