{"id":22,"date":"2021-05-27T13:19:21","date_gmt":"2021-05-27T11:19:21","guid":{"rendered":"https:\/\/neidenfjellstue.no\/?page_id=22"},"modified":"2021-08-02T10:15:17","modified_gmt":"2021-08-02T08:15:17","slug":"innlandsfiske","status":"publish","type":"page","link":"https:\/\/neidenfjellstue.no\/fi\/jakt-fiske\/innlandsfiske\/","title":{"rendered":"Sis\u00e4vesikalastus"},"content":{"rendered":"<figure class=\"wp-block-gallery columns-1 is-cropped wp-block-gallery-1 is-layout-flex wp-block-gallery-is-layout-flex\"><ul class=\"blocks-gallery-grid\"><li class=\"blocks-gallery-item\"><figure><a href=\"https:\/\/neidenfjellstue.no\/wp-content\/uploads\/2021\/06\/MG5A1742-min-scaled.jpg\"><img decoding=\"async\" width=\"1024\" height=\"683\" src=\"https:\/\/neidenfjellstue.no\/wp-content\/uploads\/2021\/06\/MG5A1742-min-1024x683.jpg\" alt=\"innenlandsfiske\" data-id=\"604\" data-full-url=\"https:\/\/neidenfjellstue.no\/wp-content\/uploads\/2021\/06\/MG5A1742-min-scaled.jpg\" data-link=\"https:\/\/neidenfjellstue.no\/bo-og-spise\/moter-og-samlinger\/mg5a1742-min\/\" class=\"wp-image-604\" srcset=\"https:\/\/neidenfjellstue.no\/wp-content\/uploads\/2021\/06\/MG5A1742-min-1024x683.jpg 1024w, https:\/\/neidenfjellstue.no\/wp-content\/uploads\/2021\/06\/MG5A1742-min-300x200.jpg 300w, https:\/\/neidenfjellstue.no\/wp-content\/uploads\/2021\/06\/MG5A1742-min-768x512.jpg 768w, https:\/\/neidenfjellstue.no\/wp-content\/uploads\/2021\/06\/MG5A1742-min-1536x1024.jpg 1536w, https:\/\/neidenfjellstue.no\/wp-content\/uploads\/2021\/06\/MG5A1742-min-2048x1365.jpg 2048w\" sizes=\"(max-width: 1024px) 100vw, 1024px\" \/><\/a><\/figure><\/li><\/ul><\/figure>\n\n\n\n<p>Neidenin alueella on monia hyvi\u00e4 kalastusj\u00e4rvi\u00e4. T\u00e4\u00e4lt\u00e4 l\u00f6yd\u00e4t taimenta, char, harjus ja hauki.<\/p>\n\n\n\n<p>Vuorim\u00f6kimme sijaitsevat hyvien kalastusj\u00e4rvien rannalla ja sijaitsevat niin, ett\u00e4 voit halutessasi k\u00e4vell\u00e4 hytist\u00e4 hyttiin.<\/p>\n\n\n\n<p>Voit my\u00f6s majoittua m\u00f6keiss\u00e4mme joen rannalla ja matkustaa p\u00e4iv\u00e4retkille vuorille t\u00e4\u00e4lt\u00e4.<\/p>\n\n\n\n<p>Pilkkikausi: helmikuu, maaliskuu, huhtikuu ja toukokuun alkuun asti. Tarjoamme moottorikelkkailua tai voit hiiht\u00e4\u00e4. Retket oppaan kanssa tai ilman. Maaliskuun puoliv\u00e4list\u00e4 huhtikuun loppuun asti meill\u00e4 on pieni\u00e4 telttaleirej\u00e4 eritt\u00e4in hyvill\u00e4 kalastusj\u00e4rvill\u00e4.<\/p>\n\n\n\n<p>Tarvittaessa kalastusv\u00e4lineit\u00e4 voi vuokrata meilt\u00e4.<\/p>\n\n\n\n<p><\/p>\n\n\n\n<p><\/p>\n\n\n\n<p><\/p>","protected":false},"excerpt":{"rendered":"<p>Neidenin alueella on monia hyvi\u00e4 kalastusj\u00e4rvi\u00e4. T\u00e4\u00e4lt\u00e4 l\u00f6yd\u00e4t taimenen, nieri\u00e4n, harjuksen ja hauen. Vuoristom\u00f6kkimme sijaitsevat hyvien kalastusj\u00e4rvien varrella ja on sijoitettu niin, ett\u00e4 voit halutessasi k\u00e4vell\u00e4 m\u00f6kist\u00e4 m\u00f6kille. Voit my\u00f6s y\u00f6py\u00e4 m\u00f6keiss\u00e4mme joen varrella ja l\u00e4hte\u00e4 p\u00e4iv\u00e4retkille vuorille t\u00e4\u00e4lt\u00e4. Pilkkimiskausi: helmi, maaliskuu, huhtikuu [\u2026]<\/p>","protected":false},"author":3,"featured_media":0,"parent":196,"menu_order":0,"comment_status":"closed","ping_status":"closed","template":"","meta":{"footnotes":""},"class_list":["post-22","page","type-page","status-publish","hentry","entry"],"_links":{"self":[{"href":"https:\/\/neidenfjellstue.no\/fi\/wp-json\/wp\/v2\/pages\/22","targetHints":{"allow":["GET"]}}],"collection":[{"href":"https:\/\/neidenfjellstue.no\/fi\/wp-json\/wp\/v2\/pages"}],"about":[{"href":"https:\/\/neidenfjellstue.no\/fi\/wp-json\/wp\/v2\/types\/page"}],"author":[{"embeddable":true,"href":"https:\/\/neidenfjellstue.no\/fi\/wp-json\/wp\/v2\/users\/3"}],"replies":[{"embeddable":true,"href":"https:\/\/neidenfjellstue.no\/fi\/wp-json\/wp\/v2\/comments?post=22"}],"version-history":[{"count":11,"href":"https:\/\/neidenfjellstue.no\/fi\/wp-json\/wp\/v2\/pages\/22\/revisions"}],"predecessor-version":[{"id":804,"href":"https:\/\/neidenfjellstue.no\/fi\/wp-json\/wp\/v2\/pages\/22\/revisions\/804"}],"up":[{"embeddable":true,"href":"https:\/\/neidenfjellstue.no\/fi\/wp-json\/wp\/v2\/pages\/196"}],"wp:attachment":[{"href":"https:\/\/neidenfjellstue.no\/fi\/wp-json\/wp\/v2\/media?parent=22"}],"curies":[{"name":"wp","href":"https:\/\/api.w.org\/{rel}","templated":true}]}}