{"id":202,"date":"2021-05-31T09:06:05","date_gmt":"2021-05-31T07:06:05","guid":{"rendered":"https:\/\/neidenfjellstue.no\/?page_id=202"},"modified":"2021-08-02T10:19:16","modified_gmt":"2021-08-02T08:19:16","slug":"om-oss","status":"publish","type":"page","link":"https:\/\/neidenfjellstue.no\/fi\/om-oss\/","title":{"rendered":"Meist\u00e4"},"content":{"rendered":"<figure class=\"wp-block-gallery columns-1 is-cropped wp-block-gallery-1 is-layout-flex wp-block-gallery-is-layout-flex\"><ul class=\"blocks-gallery-grid\"><li class=\"blocks-gallery-item\"><figure><a href=\"https:\/\/neidenfjellstue.no\/wp-content\/uploads\/2021\/06\/neiden-camp-scaled.jpeg\"><img decoding=\"async\" width=\"1024\" height=\"576\" src=\"https:\/\/neidenfjellstue.no\/wp-content\/uploads\/2021\/06\/neiden-camp-1024x576.jpeg\" alt=\"neiden camp\" data-id=\"527\" data-full-url=\"https:\/\/neidenfjellstue.no\/wp-content\/uploads\/2021\/06\/neiden-camp-scaled.jpeg\" data-link=\"https:\/\/neidenfjellstue.no\/om-oss\/neiden-camp\/\" class=\"wp-image-527\" srcset=\"https:\/\/neidenfjellstue.no\/wp-content\/uploads\/2021\/06\/neiden-camp-1024x576.jpeg 1024w, https:\/\/neidenfjellstue.no\/wp-content\/uploads\/2021\/06\/neiden-camp-300x169.jpeg 300w, https:\/\/neidenfjellstue.no\/wp-content\/uploads\/2021\/06\/neiden-camp-768x432.jpeg 768w, https:\/\/neidenfjellstue.no\/wp-content\/uploads\/2021\/06\/neiden-camp-1536x864.jpeg 1536w, https:\/\/neidenfjellstue.no\/wp-content\/uploads\/2021\/06\/neiden-camp-2048x1152.jpeg 2048w\" sizes=\"(max-width: 1024px) 100vw, 1024px\" \/><\/a><\/figure><\/li><\/ul><\/figure>\n\n\n\n<p><strong>K\u00e4y tutustumassa hyviin luontoel\u00e4myksiin, kes\u00e4, syksy, talvi ja kev\u00e4t.&nbsp;<\/strong><\/p>\n\n\n\n<p>L\u00f6yd\u00e4t meid\u00e4t Neidenist\u00e4, keskiy\u00f6n auringon alla kes\u00e4ll\u00e4 ja revontulista talvella.<\/p>\n\n\n\n<p>Vain puolen tunnin ajomatkan p\u00e4\u00e4ss\u00e4 Kirkkoniemen lentokent\u00e4lt\u00e4, 50 minuutin p\u00e4\u00e4ss\u00e4 Kirkkoniemen kaupungista ja noin 6 kilometrin p\u00e4\u00e4ss\u00e4 Suomen rajalta ja N\u00e4\u00e4t\u00e4m\u00f6n pikkukaupungin ruokakaupoista.<\/p>\n\n\n\n<p>Neiden on eldorado ulkoilijoille. L\u00e4heinen j\u00e4\u00e4meri, vuoret ja joki tarjoavat runsaasti mahdollisuuksia urheilukalastukseen, er\u00e4maakokemuksiin ja virkistykseen. T\u00e4ss\u00e4 on lukemattomia kalastusj\u00e4rvi\u00e4 ja upeita alueita pienriistan mets\u00e4stykseen. Meill\u00e4 on m\u00f6kkej\u00e4 Neiden-joen rannalla, joka on yksi Norjan parhaista lohijoista, hirsim\u00f6kkej\u00e4 vuorilla, ja maaliskuun puoliv\u00e4list\u00e4 huhtikuun loppuun meill\u00e4 on pieni\u00e4 telttaleiri\u00e4 eritt\u00e4in hyvien kalastusj\u00e4rvien rannalla.<\/p>\n\n\n\n<p>Neiden Fjellstuella on vuosien kokemus retkien j\u00e4rjest\u00e4misest\u00e4 kauniilla alueella oppaan kanssa tai ilman.<\/p>\n\n\n\n<p><em>Perheyrityksen historia juontaa juurensa vuoteen 1876, jolloin Petter Abraham ja Anna Greta Saari aloittivat kuljetusaseman matkustajille paikassa, jossa Neiden Fjellstue sijaitsee, ja monet retkeilij\u00e4t tulivat my\u00f6s vuoren yli majoitusta ja hyv\u00e4\u00e4 ruokaa varten.<\/em><\/p>","protected":false},"excerpt":{"rendered":"<p>Tule nauttimaan upeista luontoel\u00e4myksist\u00e4 kes\u00e4ll\u00e4, syksyll\u00e4, talvella ja kev\u00e4\u00e4ll\u00e4. L\u00f6yd\u00e4t meid\u00e4t Neidenist\u00e4, kes\u00e4ll\u00e4 keskiy\u00f6n auringon ja talvella revontulien alta. Vain puolen tunnin ajomatkan p\u00e4\u00e4ss\u00e4 Kirkkoniemen lentokent\u00e4lt\u00e4, 50 minuutin p\u00e4\u00e4ss\u00e4 Kirkkoniemen kaupungista ja noin 6 km Suomen rajalta ja N\u00e4\u00e4t\u00e4m\u00f6n pikkukaupungin ruokakaupoista. Neiden on eldorado ulkoilun harrastajille. J\u00e4\u00e4meren, vuoren ja [...]<\/p>","protected":false},"author":3,"featured_media":0,"parent":0,"menu_order":0,"comment_status":"closed","ping_status":"closed","template":"","meta":{"footnotes":""},"class_list":["post-202","page","type-page","status-publish","hentry","entry"],"_links":{"self":[{"href":"https:\/\/neidenfjellstue.no\/fi\/wp-json\/wp\/v2\/pages\/202","targetHints":{"allow":["GET"]}}],"collection":[{"href":"https:\/\/neidenfjellstue.no\/fi\/wp-json\/wp\/v2\/pages"}],"about":[{"href":"https:\/\/neidenfjellstue.no\/fi\/wp-json\/wp\/v2\/types\/page"}],"author":[{"embeddable":true,"href":"https:\/\/neidenfjellstue.no\/fi\/wp-json\/wp\/v2\/users\/3"}],"replies":[{"embeddable":true,"href":"https:\/\/neidenfjellstue.no\/fi\/wp-json\/wp\/v2\/comments?post=202"}],"version-history":[{"count":6,"href":"https:\/\/neidenfjellstue.no\/fi\/wp-json\/wp\/v2\/pages\/202\/revisions"}],"predecessor-version":[{"id":807,"href":"https:\/\/neidenfjellstue.no\/fi\/wp-json\/wp\/v2\/pages\/202\/revisions\/807"}],"wp:attachment":[{"href":"https:\/\/neidenfjellstue.no\/fi\/wp-json\/wp\/v2\/media?parent=202"}],"curies":[{"name":"wp","href":"https:\/\/api.w.org\/{rel}","templated":true}]}}