{"id":20,"date":"2021-05-27T13:19:05","date_gmt":"2021-05-27T11:19:05","guid":{"rendered":"https:\/\/neidenfjellstue.no\/?page_id=20"},"modified":"2021-08-02T10:14:17","modified_gmt":"2021-08-02T08:14:17","slug":"isfiske","status":"publish","type":"page","link":"https:\/\/neidenfjellstue.no\/fi\/jakt-fiske\/isfiske\/","title":{"rendered":"Pilkkiminen"},"content":{"rendered":"<figure class=\"wp-block-gallery columns-1 is-cropped wp-block-gallery-1 is-layout-flex wp-block-gallery-is-layout-flex\"><ul class=\"blocks-gallery-grid\"><li class=\"blocks-gallery-item\"><figure><a href=\"https:\/\/neidenfjellstue.no\/wp-content\/uploads\/2021\/06\/isfiske-1.jpg\"><img decoding=\"async\" width=\"1024\" height=\"1024\" src=\"https:\/\/neidenfjellstue.no\/wp-content\/uploads\/2021\/06\/isfiske-1-1024x1024.jpg\" alt=\"isfiske\" data-id=\"727\" data-full-url=\"https:\/\/neidenfjellstue.no\/wp-content\/uploads\/2021\/06\/isfiske-1.jpg\" data-link=\"https:\/\/neidenfjellstue.no\/jakt-fiske\/isfiske\/isfiske-3\/\" class=\"wp-image-727\" srcset=\"https:\/\/neidenfjellstue.no\/wp-content\/uploads\/2021\/06\/isfiske-1-1024x1024.jpg 1024w, https:\/\/neidenfjellstue.no\/wp-content\/uploads\/2021\/06\/isfiske-1-300x300.jpg 300w, https:\/\/neidenfjellstue.no\/wp-content\/uploads\/2021\/06\/isfiske-1-150x150.jpg 150w, https:\/\/neidenfjellstue.no\/wp-content\/uploads\/2021\/06\/isfiske-1-768x768.jpg 768w, https:\/\/neidenfjellstue.no\/wp-content\/uploads\/2021\/06\/isfiske-1.jpg 1092w\" sizes=\"(max-width: 1024px) 100vw, 1024px\" \/><\/a><\/figure><\/li><\/ul><\/figure>\n\n\n\n<p>Neideniss\u00e4 on mahdollista kokea kunnolliset talvip\u00e4iv\u00e4t ja -y\u00f6t, joissa on monia kauniita revontuli -iltoja kauden aikana.<\/p>\n\n\n\n<p>Neidenelvan m\u00f6kkien lis\u00e4ksi meill\u00e4 on my\u00f6s vuoristom\u00f6kkej\u00e4, joissa on ulkosauna kauniilla vaellusmaastolla ja pilkkimahdollisuudet aivan m\u00f6kin oven ulkopuolella. Meilt\u00e4 voi vuokrata moottorikelkkakuljetuksen m\u00f6kille tai hiiht\u00e4\u00e4.<\/p>\n\n\n\n<p><strong>M\u00f6kki hyttivaellukselle:<\/strong> Mukavia p\u00e4iv\u00e4vaiheita 5-6 kilometri\u00e4. Galsiytan vuoristosta Haukij\u00e4rvihytan m\u00e4ntymets\u00e4\u00e4n. Sopii 4-7 p\u00e4iv\u00e4n matkoille.<\/p>\n\n\n\n<p>M\u00f6keiss\u00e4 on puuliesi ja polttopuut l\u00e4mmitykseen. Kaasu, kupit ja astiat ruoanlaittoon. Nukkuu hytteiss\u00e4 4-5.<\/p>","protected":false},"excerpt":{"rendered":"<p>Neideniss\u00e4 on mahdollista kokea oikeat talvip\u00e4iv\u00e4t ja -y\u00f6t monien kauniiden revontulien iltojen kera kauden aikana. Neidenelvan m\u00f6kkien lis\u00e4ksi meilt\u00e4 l\u00f6ytyy my\u00f6s vuoristom\u00f6kkej\u00e4 ulkosaunalla kauniissa retkeilymaastossa ja pilkkimismahdollisuuksilla aivan m\u00f6kin oven ulkopuolella. Meilt\u00e4 voit vuokrata moottorikelkkakuljetuksen m\u00f6kille tai voit menn\u00e4 hiiht\u00e4m\u00e4\u00e4n. M\u00f6kki retkeilyyn: [\u2026]<\/p>","protected":false},"author":3,"featured_media":0,"parent":196,"menu_order":0,"comment_status":"closed","ping_status":"closed","template":"","meta":{"footnotes":""},"class_list":["post-20","page","type-page","status-publish","hentry","entry"],"_links":{"self":[{"href":"https:\/\/neidenfjellstue.no\/fi\/wp-json\/wp\/v2\/pages\/20","targetHints":{"allow":["GET"]}}],"collection":[{"href":"https:\/\/neidenfjellstue.no\/fi\/wp-json\/wp\/v2\/pages"}],"about":[{"href":"https:\/\/neidenfjellstue.no\/fi\/wp-json\/wp\/v2\/types\/page"}],"author":[{"embeddable":true,"href":"https:\/\/neidenfjellstue.no\/fi\/wp-json\/wp\/v2\/users\/3"}],"replies":[{"embeddable":true,"href":"https:\/\/neidenfjellstue.no\/fi\/wp-json\/wp\/v2\/comments?post=20"}],"version-history":[{"count":11,"href":"https:\/\/neidenfjellstue.no\/fi\/wp-json\/wp\/v2\/pages\/20\/revisions"}],"predecessor-version":[{"id":803,"href":"https:\/\/neidenfjellstue.no\/fi\/wp-json\/wp\/v2\/pages\/20\/revisions\/803"}],"up":[{"embeddable":true,"href":"https:\/\/neidenfjellstue.no\/fi\/wp-json\/wp\/v2\/pages\/196"}],"wp:attachment":[{"href":"https:\/\/neidenfjellstue.no\/fi\/wp-json\/wp\/v2\/media?parent=20"}],"curies":[{"name":"wp","href":"https:\/\/api.w.org\/{rel}","templated":true}]}}