{"id":18,"date":"2021-05-27T13:18:36","date_gmt":"2021-05-27T11:18:36","guid":{"rendered":"https:\/\/neidenfjellstue.no\/?page_id=18"},"modified":"2021-08-02T10:12:58","modified_gmt":"2021-08-02T08:12:58","slug":"laksefiske","status":"publish","type":"page","link":"https:\/\/neidenfjellstue.no\/fi\/jakt-fiske\/laksefiske\/","title":{"rendered":"Lohen kalastus"},"content":{"rendered":"<figure class=\"wp-block-gallery columns-1 is-cropped wp-block-gallery-1 is-layout-flex wp-block-gallery-is-layout-flex\"><ul class=\"blocks-gallery-grid\"><li class=\"blocks-gallery-item\"><figure><a href=\"https:\/\/neidenfjellstue.no\/wp-content\/uploads\/2021\/06\/laksefiske.jpg\"><img decoding=\"async\" width=\"1024\" height=\"485\" src=\"https:\/\/neidenfjellstue.no\/wp-content\/uploads\/2021\/06\/laksefiske-1024x485.jpg\" alt=\"laksefiske\" data-id=\"462\" data-full-url=\"https:\/\/neidenfjellstue.no\/wp-content\/uploads\/2021\/06\/laksefiske.jpg\" data-link=\"https:\/\/neidenfjellstue.no\/jakt-fiske\/laksefiske\/laksefiske-2\/\" class=\"wp-image-462\" srcset=\"https:\/\/neidenfjellstue.no\/wp-content\/uploads\/2021\/06\/laksefiske-1024x485.jpg 1024w, https:\/\/neidenfjellstue.no\/wp-content\/uploads\/2021\/06\/laksefiske-300x142.jpg 300w, https:\/\/neidenfjellstue.no\/wp-content\/uploads\/2021\/06\/laksefiske-768x364.jpg 768w, https:\/\/neidenfjellstue.no\/wp-content\/uploads\/2021\/06\/laksefiske-1536x728.jpg 1536w, https:\/\/neidenfjellstue.no\/wp-content\/uploads\/2021\/06\/laksefiske.jpg 2048w\" sizes=\"(max-width: 1024px) 100vw, 1024px\" \/><\/a><\/figure><\/li><\/ul><\/figure>\n\n\n\n<div class=\"wp-block-group\"><div class=\"wp-block-group__inner-container is-layout-flow wp-block-group-is-layout-flow\">\n<p id=\"heading\">Meill\u00e4 on m\u00f6kkej\u00e4 aivan Neiden -joen rannalla, joka on yksi Norjan paremmista lohijoista. Joella on 20 km pitk\u00e4 kalastusalue merest\u00e4 Suomen rajalle. Se on leve\u00e4 ja siin\u00e4 on monia hyvi\u00e4 kalastuspaikkoja perho-, viehe- ja vaappakalastukseen.<\/p>\n<\/div><\/div>\n\n\n\n<p><\/p>\n\n\n\n<p><strong>Kalastuslisenssi<\/strong><\/p>\n\n\n\n<p>Joen kalastuslisenssit voi ostaa verkossa osoitteessa&nbsp;<a href=\"https:\/\/neiden.no\/\" target=\"_blank\" rel=\"noreferrer noopener\">www.neiden.no&nbsp;<\/a>Meill\u00e4 on tietokone, jota voidaan k\u00e4ytt\u00e4\u00e4 t\u00e4h\u00e4n. Kalastusmaksukortteja voi ostaa meilt\u00e4.<\/p>\n\n\n\n<p>Vuokraamme jokiveneit\u00e4 ja kalastusv\u00e4lineit\u00e4.&nbsp;<\/p>\n\n\n\n<p>My\u00f6s meritaimenen kalastukseen on hyv\u00e4t olosuhteet, erityisesti kes\u00e4- ja elokuussa.<\/p>\n\n\n\n<p>Ateriat: T\u00e4ysi- tai puolihoito kahvilasta voidaan tilata, mahdollisesti oma kotitalous m\u00f6kill\u00e4.<\/p>\n\n\n\n<p>Katso <a href=\"http:\/\/www.neiden.no\" data-type=\"URL\" data-id=\"www.neiden.no\">www.neiden.no<\/a> Lis\u00e4tietoja kalastuss\u00e4\u00e4nn\u00f6ist\u00e4 ja korttien hinnoista.<\/p>\n\n\n\n<p><strong>Lohikausi alkaa 1. kes\u00e4kuuta ja kest\u00e4\u00e4 elokuuhun. P\u00e4ivitt\u00e4inen suojaus klo 14.00-18.00.<\/strong><\/p>\n\n\n\n<p><\/p>\n\n\n\n<p><\/p>\n\n\n\n<p><\/p>\n\n\n\n<p><\/p>\n\n\n\n<p><\/p>","protected":false},"excerpt":{"rendered":"<p>Meill\u00e4 on m\u00f6kkej\u00e4 aivan Neidenelvan, yhden Norjan parhaista lohijoista, rannalla. Joella on yli 20 km pitk\u00e4 kalastusosuus merest\u00e4 Suomen rajalle asti. Se on leve\u00e4 ja siin\u00e4 on monia hyvi\u00e4 kalastuspaikkoja sek\u00e4 perho-, viehe- ett\u00e4 vaappukalastukseen. Kalastuskortti Joen kalastusluvan voi ostaa verkosta www.neiden.no Meill\u00e4 on mukana tietokone, jota voidaan k\u00e4ytt\u00e4\u00e4 t\u00e4h\u00e4n tarkoitukseen. Kalastajamaksukortilla voi [\u2026]<\/p>","protected":false},"author":3,"featured_media":0,"parent":196,"menu_order":0,"comment_status":"closed","ping_status":"closed","template":"","meta":{"footnotes":""},"class_list":["post-18","page","type-page","status-publish","hentry","entry"],"_links":{"self":[{"href":"https:\/\/neidenfjellstue.no\/fi\/wp-json\/wp\/v2\/pages\/18","targetHints":{"allow":["GET"]}}],"collection":[{"href":"https:\/\/neidenfjellstue.no\/fi\/wp-json\/wp\/v2\/pages"}],"about":[{"href":"https:\/\/neidenfjellstue.no\/fi\/wp-json\/wp\/v2\/types\/page"}],"author":[{"embeddable":true,"href":"https:\/\/neidenfjellstue.no\/fi\/wp-json\/wp\/v2\/users\/3"}],"replies":[{"embeddable":true,"href":"https:\/\/neidenfjellstue.no\/fi\/wp-json\/wp\/v2\/comments?post=18"}],"version-history":[{"count":17,"href":"https:\/\/neidenfjellstue.no\/fi\/wp-json\/wp\/v2\/pages\/18\/revisions"}],"predecessor-version":[{"id":801,"href":"https:\/\/neidenfjellstue.no\/fi\/wp-json\/wp\/v2\/pages\/18\/revisions\/801"}],"up":[{"embeddable":true,"href":"https:\/\/neidenfjellstue.no\/fi\/wp-json\/wp\/v2\/pages\/196"}],"wp:attachment":[{"href":"https:\/\/neidenfjellstue.no\/fi\/wp-json\/wp\/v2\/media?parent=18"}],"curies":[{"name":"wp","href":"https:\/\/api.w.org\/{rel}","templated":true}]}}